{"id":43,"date":"2022-07-07T16:34:37","date_gmt":"2022-07-07T16:34:37","guid":{"rendered":"https:\/\/hofsstadakirkja.is\/?page_id=43"},"modified":"2022-11-07T14:25:54","modified_gmt":"2022-11-07T14:25:54","slug":"munirnir","status":"publish","type":"page","link":"https:\/\/hofsstadakirkja.is\/?page_id=43","title":{"rendered":"Munirnir"},"content":{"rendered":"\t\t<div data-elementor-type=\"wp-page\" data-elementor-id=\"43\" class=\"elementor elementor-43\">\n\t\t\t\t\t\t\t\t\t<section class=\"elementor-section elementor-top-section elementor-element elementor-element-3232b88 elementor-section-boxed elementor-section-height-default elementor-section-height-default\" data-id=\"3232b88\" data-element_type=\"section\" data-settings=\"{&quot;jet_parallax_layout_list&quot;:[]}\">\n\t\t\t\t\t\t<div class=\"elementor-container elementor-column-gap-default\">\n\t\t\t\t\t<div class=\"elementor-column elementor-col-50 elementor-top-column elementor-element elementor-element-8f90daf\" data-id=\"8f90daf\" data-element_type=\"column\">\n\t\t\t<div class=\"elementor-widget-wrap elementor-element-populated\">\n\t\t\t\t\t\t\t\t<div class=\"elementor-element elementor-element-aeea364 elementor-widget elementor-widget-text-editor\" data-id=\"aeea364\" data-element_type=\"widget\" data-widget_type=\"text-editor.default\">\n\t\t\t\t<div class=\"elementor-widget-container\">\n\t\t\t<style>\/*! elementor - v3.6.7 - 03-07-2022 *\/\n.elementor-widget-text-editor.elementor-drop-cap-view-stacked .elementor-drop-cap{background-color:#818a91;color:#fff}.elementor-widget-text-editor.elementor-drop-cap-view-framed .elementor-drop-cap{color:#818a91;border:3px solid;background-color:transparent}.elementor-widget-text-editor:not(.elementor-drop-cap-view-default) .elementor-drop-cap{margin-top:8px}.elementor-widget-text-editor:not(.elementor-drop-cap-view-default) .elementor-drop-cap-letter{width:1em;height:1em}.elementor-widget-text-editor .elementor-drop-cap{float:left;text-align:center;line-height:1;font-size:50px}.elementor-widget-text-editor .elementor-drop-cap-letter{display:inline-block}<\/style>\t\t\t\t<h3 style=\"margin: 0cm 0cm 8pt; line-height: 15.6933px; font-size: 11pt; font-family: Calibri, sans-serif; color: #000000; text-indent: 0cm;\"><strong><span lang=\"IS\">a.<span style=\"font-variant-numeric: normal; font-variant-east-asian: normal; font-stretch: normal; font-size: 7pt; line-height: normal; font-family: 'Times New Roman';\">\u00a0\u00a0\u00a0\u00a0\u00a0\u00a0\u00a0\u00a0\u00a0\u00a0\u00a0\u00a0\u00a0 <\/span><\/span><span lang=\"IS\">Munir kirkjunnar<\/span><\/strong><\/h3><p class=\"MsoNormal\" style=\"margin: 0cm 0cm 8pt; line-height: 16.8667px; font-size: 11pt; font-family: Calibri, sans-serif; color: #000000;\"><span lang=\"NO-BOK\">\u00c1 <\/span><b><i><span lang=\"NO-BOK\">altarist\u00f6flunni<\/span><\/i><\/b><span lang=\"NO-BOK\"> er mynd af kv\u00f6ldm\u00e1lt\u00ed\u00f0inni, m\u00e1lu\u00f0 me\u00f0 ol\u00edu \u00e1 tr\u00e9 af J\u00f3ni Hallgr\u00edmssyni (1741-1808) listamanni og m\u00e1lara sem bj\u00f3 \u00e1 L\u00f3ni \u00ed Vi\u00f0v\u00edkursveit \u00e1 \u00e1runum 1783 til 1799 og \u00e1 Hornbrekku \u00e1 H\u00f6f\u00f0astr\u00f6nd fr\u00e1 1800-1808. \u00c1 t\u00f6flunni stendur: <i>Alltaris Tablann; er Gefinn, \u00feessari K\u00ffrkiu af Oeconomus Hr. J\u00f3ni \u00c1rnaSyni Ao 1782. <\/i>Ramminn er \u00feykkur mi\u00f0a\u00f0 vi\u00f0 myndina, gr\u00e6nn a\u00f0 lit nema a\u00f0 ofan \u00fear sem br\u00edkin er m\u00e1lu\u00f0 lj\u00f3sgr\u00e1rri marmaram\u00e1lningu. Kristur og postularnir sitja vi\u00f0 hv\u00edtd\u00faka\u00f0 bor\u00f0. Kristur er rau\u00f0kl\u00e6ddur me\u00f0 mikinn lj\u00f3san geislabaug um h\u00f6fu\u00f0i\u00f0. Postularnir eru rau\u00f0- e\u00f0a bl\u00e1kl\u00e6ddir, nema einn sem er \u00ed gr\u00e6num kl\u00e6\u00f0um og situr sorgm\u00e6ddur \u00ed fa\u00f0mi Krists og annar sem er a\u00f0 teygja sig eftir k\u00f6nnu. J\u00fadas stendur sakbitinn aftast me\u00f0 sj\u00f3\u00f0inn \u00ed hendinni.\u00a0\u00a0\u00a0 <b>\u00a0<\/b><\/span><\/p><p class=\"MsoNormal\" style=\"margin: 0cm 0cm 8pt; line-height: 16.8667px; font-size: 11pt; font-family: Calibri, sans-serif; color: #000000;\"><b><i><span lang=\"NL\">Pr\u00e9dikunarst\u00f3llinn<\/span><\/i><\/b><span lang=\"NL\"> er fr\u00e1 1723. \u00c1 spj\u00f6ldum hans eru myndir af fj\u00f3rum gu\u00f0spjallam\u00f6nnunum og Jes\u00fa. Vi\u00f0 myndirnar eru skr\u00e1\u00f0 n\u00f6fn: <i>JOHNNNES, MATTH\u00c6S, MARCUS, SLUCAS, SALVTER<\/i>. <\/span><span lang=\"NO-BOK\">Salvters (Salvators<\/span><span lang=\"IS\">)<\/span><span lang=\"NO-BOK\"> sem \u00e1 a\u00f0 t\u00e1kna frelsarann er n\u00e6stum horfin. Hinar eru enn g\u00f3\u00f0ar. Mennirnir eru rau\u00f0- og bl\u00e1kl\u00e6ddir, allir berf\u00e6ttir og me\u00f0 alskegg. Allir eru \u00feeir a\u00f0 skrifa gu\u00f0spj\u00f6ll nema kristur sem sn\u00fdr fram me\u00f0 krossmark \u00ed hendi, en me\u00f0 h\u00e6gri hendi \u00e1 lofti. Hj\u00e1 J\u00f3hannesi er \u00f6rninn, t\u00e1kn hins eil\u00edfa og gl\u00e6sta. Hj\u00e1 Matteusi er v\u00e6ngja\u00f0ur ma\u00f0ur, engill, en gu\u00f0spjall hans er um \u00fea\u00f0 hvernig Jes\u00fa tengdist kynsl\u00f3\u00f0um mannanna, \u00feegar Gu\u00f0 var\u00f0 ma\u00f0ur. Hj\u00e1 Mark\u00fasi er lj\u00f3n en gu\u00f0spjall hans hefst \u00e1 fr\u00e1s\u00f6gninni um \u00fea\u00f0 er J\u00f3hannes bj\u00f3 me\u00f0al villid\u00fdra ey\u00f0imerkurinnar. Hj\u00e1 L\u00fakasi er uxinn sem er t\u00e1knmynd f\u00f3rnanna. Vi\u00f0 efri br\u00fan er skr\u00e1\u00f0 me\u00f0 gylltu \u00e1 svartan lista: <i>Givet Denne pr\u00e6diche Stohl. Anno 1723. Siuerder Gislesen<\/i>. S\u00e1 var sennilega <\/span><span lang=\"IS\">Sigur\u00f0ur G\u00edslason, f\u00e6ddur 1663. Hann var vinnuma\u00f0ur \u00e1 Ytri-Brekkum \u00feegar manntali\u00f0 var teki\u00f0 \u00e1ri\u00f0 1703 en \u00e1ri\u00f0 1714 var hann or\u00f0inn b\u00f3ndi \u00e1 Hofsst\u00f6\u00f0um.<\/span><i> <\/i><span lang=\"NO-BOK\">St\u00f3llinn er \u00far furu og stendur \u00e1 \u00e1tthyrndum f\u00e6ti sem m\u00e1la\u00f0ur er me\u00f0 lj\u00f3sgr\u00e1rri, bl\u00e1r\u00e1k\u00f3ttri marmaram\u00e1lningu. Kantar og rammar eru \u00ed rau\u00f0um litum.<\/span><\/p><p class=\"MsoNormal\" style=\"margin: 0cm 0cm 8pt; line-height: 16.8667px; font-size: 11pt; font-family: Calibri, sans-serif; color: #000000;\"><b><i><span lang=\"NL\">Mar\u00edul\u00edkneski<\/span><\/i><\/b><span lang=\"NL\"> \u00far eik. H\u00e6\u00f0 um 91 cm, breidd 34, d\u00fdpt 29 cm. L\u00edkneski\u00f0 var gefi\u00f0 kirkjunni \u201e<i>til minningar um allt \u00fea\u00f0 g\u00f3\u00f0a f\u00f3lk sem virti kirkju s\u00edna og sannf\u00e6ringu\u201c<\/i>. \u00cd \u00fe\u00f3lskum si\u00f0 var kirkjan helgu\u00f0 Mar\u00edu Gu\u00f0sm\u00f3\u00f0ur. \u00d6ruggt m\u00e1 telja a\u00f0 l\u00edkneski af Mar\u00edu hafi veri\u00f0 \u00ed Hofssta\u00f0akirkju fram til 1551 og jafnvel lengur og tengdist henni mikil Mar\u00edud\u00fdrkun. Jafnvel enn \u00ed dag er heiti\u00f0 \u00e1 Hofssta\u00f0a-Mar\u00edu. L\u00edkneski \u00fea\u00f0 sem n\u00fa er \u00ed kirkjunni er eftirl\u00edking af mj\u00f6g gamalli Mar\u00edumynd sem var\u00f0veitt er \u00e1 \u00dej\u00f3\u00f0minjasafni (\u00dejms.10944, \u00e1: <\/span><span lang=\"IS\"><a style=\"color: #0563c1; text-decoration-line: underline;\" href=\"https:\/\/sarpur.is\/Adfang.aspx?AdfangID=324397\"><span lang=\"NL\">https:\/\/sarpur.is\/Adfang.aspx?AdfangID=324397<\/span><\/a><\/span><span lang=\"NL\"> ) sem s\u00f6g\u00f0 er \u00far Hofssta\u00f0akirkju. Myndin (l\u00edkneski\u00f0) s\u00fdnir Mar\u00edu Gu\u00f0sm\u00f3\u00f0ur me\u00f0 k\u00f3r\u00f3nu \u00e1 h\u00f6f\u00f0i og Jes\u00fabarni\u00f0 \u00ed fanginu. \u00dea\u00f0 heldur \u00e1 hnetti \u00ed vinstri hendi, me\u00f0 \u00fe\u00e1 h\u00e6gri \u00e1 lofti og sn\u00fdr henni fram. L\u00edkneski\u00f0 er skori\u00f0 af Sveini \u00d3lafssyni myndaskur\u00f0armeistara \u00ed Reykjav\u00edk og gefi\u00f0 til kirkjunnar 8. september 1996. Gefendur eru Margr\u00e9t J\u00f3nsd\u00f3ttir og Trausti \u00c1rnason, b\u00f6rn \u00feeirra og fj\u00f6lskyldur. H\u00fan var \u00e6ttu\u00f0 fr\u00e1 Ytri-Hofd\u00f6lum hann fr\u00e1 Sy\u00f0ri-Hofd\u00f6lum \u00ed Hofssta\u00f0akirkjus\u00f3kn.<\/span><\/p><p class=\"MsoNormal\" style=\"margin: 0cm 0cm 8pt; line-height: 16.8667px; font-size: 11pt; font-family: Calibri, sans-serif; color: #000000;\"><b><i><span lang=\"NL\">Kirkjuklukkurnar<\/span><\/i><\/b><b> <\/b><span lang=\"NL\">sem<\/span><b> <\/b><span lang=\"NL\">hanga \u00ed ramb\u00f6ldum s\u00ednum \u00ed kirkjuturni eru b\u00e1\u00f0ar \u00far koparbl\u00f6ndu en \u00f3l\u00edkar eru \u00fe\u00e6r a\u00f0 lagi og lit. S\u00fa n\u00fdrri, minni, er me\u00f0 sverum j\u00e1rnk\u00f3lfi. \u00c1 henni stendur <i>Herda<\/i>. Hin er belgv\u00ed\u00f0 og h\u00e1, sennilega ein af elstu klukkum Skagafjar\u00f0ar mi\u00f0a\u00f0 vi\u00f0 st\u00edleinkenni. \u00deverm\u00e1l hennar er 36 cm. H\u00fan mun hafa veri\u00f0 k\u00f3lflaus um t\u00edma, en k\u00f3lfur var settur \u00ed hana \u00feegar n\u00faverandi kirkjan var tekin \u00ed notkun \u00e1ri\u00f0 1905.\u00a0<\/span><\/p><p class=\"MsoListParagraphCxSpFirst\" style=\"margin: 0cm; line-height: 15.6933px; font-size: 11pt; font-family: Calibri, sans-serif; color: #000000; text-indent: 0cm;\"><span lang=\"IS\">b.<span style=\"font-variant-numeric: normal; font-variant-east-asian: normal; font-stretch: normal; font-size: 7pt; line-height: normal; font-family: 'Times New Roman';\">\u00a0\u00a0\u00a0\u00a0\u00a0\u00a0\u00a0\u00a0\u00a0\u00a0\u00a0\u00a0\u00a0 <\/span><\/span><span lang=\"IS\">(G\u00f3\u00f0ir gripir)<\/span><\/p><p class=\"MsoListParagraphCxSpLast\" style=\"margin: 0cm 0cm 8pt; line-height: 15.6933px; font-size: 11pt; font-family: Calibri, sans-serif; color: #000000; text-indent: 0cm;\"><span lang=\"IS\">c.<span style=\"font-variant-numeric: normal; font-variant-east-asian: normal; font-stretch: normal; font-size: 7pt; line-height: normal; font-family: 'Times New Roman';\">\u00a0\u00a0\u00a0\u00a0\u00a0\u00a0\u00a0\u00a0\u00a0\u00a0\u00a0\u00a0\u00a0\u00a0 <\/span><\/span><span lang=\"IS\">H\u00f6klarnir<\/span><\/p><p class=\"MsoNormal\" style=\"margin: 0cm 0cm 8pt; line-height: 15.6933px; font-size: 11pt; font-family: Calibri, sans-serif; color: #000000;\"><span lang=\"IS\">\u00deann 27. j\u00fal\u00ed \u00e1ri\u00f0 1998 f\u00e6r\u00f0i listakonan Hrafnhildur Sigur\u00f0ard\u00f3ttir Hofssta\u00f0akirkju tvo h\u00f6kla a\u00f0 gj\u00f6f. H\u00fan \u00e1 \u00e6ttir s\u00ednar a\u00f0 rekja til Hofssta\u00f0a, \u00fe\u00f3 svo a\u00f0 henni hafi ekki veri\u00f0 \u00fea\u00f0 kunnugt \u00feegar h\u00fan ger\u00f0i \u00fe\u00e6r r\u00e1\u00f0stafanir sem ur\u00f0u til \u00feess a\u00f0 h\u00fan fann h\u00f6klunum s\u00ednum sta\u00f0 \u00ed Hofssta\u00f0akirkju.<\/span><\/p><p class=\"MsoNormal\" style=\"margin: 0cm 0cm 8pt; line-height: 15.6933px; font-size: 11pt; font-family: Calibri, sans-serif; color: #000000;\"><span lang=\"IS\">Hrafnhildur hanna\u00f0i h\u00f6klana vegna s\u00fdningar sem henni var bo\u00f0i\u00f0 a\u00f0 taka \u00fe\u00e1tt \u00ed vegna kirkjulistarh\u00e1t\u00ed\u00f0ar \u00ed Hallgr\u00edmskirkju \u00e1ri\u00f0 1993. Eftir s\u00fdninguna voru \u00feeir til s\u00f6lu \u00ed Kirkjuh\u00fasinu, en seldust ekki. \u00c1st\u00e6\u00f0u \u00feess telur h\u00fan l\u00edklegasta a\u00f0 \u00feeir hafi \u00fe\u00f3tt frekar kvenlegir, enda litsterkir me\u00f0 \u00edbur\u00f0armiklum skreytingum.<\/span><\/p><p class=\"MsoNormal\" style=\"margin: 0cm 0cm 8pt; line-height: 15.6933px; font-size: 11pt; font-family: Calibri, sans-serif; color: #000000;\"><span lang=\"IS\">Komi\u00f0 var a\u00f0 t\u00edmam\u00f3tum \u00ed l\u00edfi Hrafnhildar og miki\u00f0 l\u00e1 vi\u00f0. H\u00fan \u00e1kva\u00f0 a\u00f0 heita \u00e1 einhverja litla kirkju \u00e1 landsbygg\u00f0inni, \u00fear sem kvenprestur v\u00e6ri \u00fej\u00f3nandi, og gefa henni h\u00f6klana ef \u00e1kve\u00f0in atbur\u00f0ar\u00e1s gengi eftir. H\u00fan f\u00e9kk \u00f3skir s\u00ednar uppfylltar og\u00a0 h\u00f3f leit a\u00f0 kirkjunni og var\u00f0 s\u00fa leit t\u00e1knum hla\u00f0in, a\u00f0 hennar mati.<\/span><\/p><p class=\"MsoNormal\" style=\"margin: 0cm 0cm 8pt; line-height: 15.6933px; font-size: 11pt; font-family: Calibri, sans-serif; color: #000000;\"><span lang=\"IS\">Hrafnhildi \u00fe\u00f3tti Skagafj\u00f6r\u00f0ur g\u00f3\u00f0ur kostur \u00fear sem h\u00fan vissi a\u00f0 \u00feanga\u00f0 \u00e6tti h\u00fan \u00e6ttir s\u00ednar a\u00f0 rekja.<\/span><\/p><p class=\"MsoNormal\" style=\"margin: 0cm 0cm 8pt; line-height: 15.6933px; font-size: 11pt; font-family: Calibri, sans-serif; color: #000000;\"><span lang=\"IS\">\u00cd handb\u00f3k kirkjunnar s\u00e1 h\u00fan a\u00f0 Dalla \u00de\u00f3r\u00f0ard\u00f3ttir prestur \u00fej\u00f3na\u00f0i\u00a0 \u00ed fj\u00f3rum s\u00f3knum \u00ed Skagafir\u00f0i .\u00a0<\/span><\/p><p class=\"MsoNormal\" style=\"margin: 0cm 0cm 8pt; line-height: 15.6933px; font-size: 11pt; font-family: Calibri, sans-serif; color: #000000;\"><span lang=\"IS\">\u00dear s\u00e1 h\u00fan einnig a\u00f0 Elinborg Bessad\u00f3ttir var s\u00f3knarnefndarforma\u00f0ur \u00ed Hofssta\u00f0as\u00f3kn. H\u00fan var nokku\u00f0 viss um,\u00a0 \u00fear sem n\u00f6fnin \u00feekkti h\u00fan \u00far f\u00f6\u00f0ur\u00e6tt sinni, a\u00f0 \u00fe\u00e6r v\u00e6ru skyldar, og reyndist \u00fea\u00f0 r\u00e9tt vera.<\/span><\/p><p class=\"MsoNormal\" style=\"margin: 0cm 0cm 8pt; line-height: 15.6933px; font-size: 11pt; font-family: Calibri, sans-serif; color: #000000;\"><span lang=\"IS\">H\u00fan f\u00e9kk uppl\u00fdsingar um a\u00f0 Hofssta\u00f0akirkja hafi \u00e1 ka\u00fe\u00f3lskum t\u00edma veri\u00f0 Mar\u00edukirkja og a\u00f0 \u00fear hafi veri\u00f0 Mar\u00edul\u00edkneski sem mikil helgi hv\u00edldi \u00e1. Hofssta\u00f0a-Mar\u00eda, verndard\u00fdrlingur kirkjunnar, \u00fe\u00f3tti g\u00f3\u00f0 til \u00e1heita og h\u00e9tu landsmenn t\u00ed\u00f0um \u00e1 hana \u00feegar miki\u00f0 l\u00e1 vi\u00f0.<\/span><\/p><p class=\"MsoNormal\" style=\"margin: 0cm 0cm 8pt; line-height: 15.6933px; font-size: 11pt; font-family: Calibri, sans-serif; color: #000000;\"><span lang=\"IS\">Hrafnhildi var tj\u00e1\u00f0 a\u00f0 Hofssta\u00f0akirkja\u00a0 \u00fe\u00e6tti enn \u00e1heitag\u00f3\u00f0 og svo hafi lengi veri\u00f0. \u00c1 endurbyggingart\u00edma hennar, \u00e1rin 1983-1991, hafi margir s\u00fdnt stu\u00f0ning vi\u00f0 framkv\u00e6mdina me\u00f0 \u00e1heitum og gj\u00f6fum.<\/span><\/p><p class=\"MsoNormal\" style=\"margin: 0cm 0cm 8pt; line-height: 15.6933px; font-size: 11pt; font-family: Calibri, sans-serif; color: #000000;\"><span lang=\"IS\">\u00a0Henni komu \u00e1 \u00f3vart uppl\u00fdsingar, sem h\u00fan f\u00e9kk sama dag og h\u00fan afhenti kirkjunni h\u00f6klana, um a\u00f0 langalangafi hennar Bj\u00f6rn P\u00e9tursson \u00e1samt Sigur\u00f0i br\u00f3\u00f0ur hans h\u00f6f\u00f0u byggt n\u00faverandi kirkju \u00e1 Hofsst\u00f6\u00f0um \u00e1ri\u00f0 1905.<\/span><\/p><p class=\"MsoNormal\" style=\"margin: 0cm 0cm 8pt; line-height: 15.6933px; font-size: 11pt; font-family: Calibri, sans-serif; color: #000000;\"><span lang=\"IS\">\u00deetta var enn eitt t\u00e1kni\u00f0 um, a\u00f0 h\u00f6klunum hennar hafi alltaf veri\u00f0 \u00e6tla\u00f0ur sta\u00f0ur \u00ed Hofssta\u00f0akirkju.<\/span><\/p>\t\t\t\t\t\t<\/div>\n\t\t\t\t<\/div>\n\t\t\t\t\t<\/div>\n\t\t<\/div>\n\t\t\t\t<div class=\"elementor-column elementor-col-50 elementor-top-column elementor-element elementor-element-7a99b07\" data-id=\"7a99b07\" data-element_type=\"column\">\n\t\t\t<div class=\"elementor-widget-wrap elementor-element-populated\">\n\t\t\t\t\t\t\t\t<div class=\"elementor-element elementor-element-d41c208 elementor-position-left elementor-vertical-align-middle elementor-widget elementor-widget-image-box\" data-id=\"d41c208\" data-element_type=\"widget\" data-widget_type=\"image-box.default\">\n\t\t\t\t<div class=\"elementor-widget-container\">\n\t\t\t<style>\/*! elementor - v3.6.7 - 03-07-2022 *\/\n.elementor-widget-image-box .elementor-image-box-content{width:100%}@media (min-width:768px){.elementor-widget-image-box.elementor-position-left .elementor-image-box-wrapper,.elementor-widget-image-box.elementor-position-right .elementor-image-box-wrapper{display:-webkit-box;display:-ms-flexbox;display:flex}.elementor-widget-image-box.elementor-position-right .elementor-image-box-wrapper{text-align:right;-webkit-box-orient:horizontal;-webkit-box-direction:reverse;-ms-flex-direction:row-reverse;flex-direction:row-reverse}.elementor-widget-image-box.elementor-position-left .elementor-image-box-wrapper{text-align:left;-webkit-box-orient:horizontal;-webkit-box-direction:normal;-ms-flex-direction:row;flex-direction:row}.elementor-widget-image-box.elementor-position-top .elementor-image-box-img{margin:auto}.elementor-widget-image-box.elementor-vertical-align-top .elementor-image-box-wrapper{-webkit-box-align:start;-ms-flex-align:start;align-items:flex-start}.elementor-widget-image-box.elementor-vertical-align-middle .elementor-image-box-wrapper{-webkit-box-align:center;-ms-flex-align:center;align-items:center}.elementor-widget-image-box.elementor-vertical-align-bottom .elementor-image-box-wrapper{-webkit-box-align:end;-ms-flex-align:end;align-items:flex-end}}@media (max-width:767px){.elementor-widget-image-box .elementor-image-box-img{margin-left:auto!important;margin-right:auto!important;margin-bottom:15px}}.elementor-widget-image-box .elementor-image-box-img{display:inline-block}.elementor-widget-image-box .elementor-image-box-title a{color:inherit}.elementor-widget-image-box .elementor-image-box-wrapper{text-align:center}.elementor-widget-image-box .elementor-image-box-description{margin:0}<\/style><div class=\"elementor-image-box-wrapper\"><figure class=\"elementor-image-box-img\"><img decoding=\"async\" src=\"https:\/\/hofsstadakirkja.is\/wp-content\/plugins\/elementor\/assets\/images\/placeholder.png\" title=\"\" alt=\"\" \/><\/figure><div class=\"elementor-image-box-content\"><p class=\"elementor-image-box-description\">Lorem ipsum dolor sit amet, consectetur adipiscing elit. Ut elit tellus, luctus nec ullamcorper mattis, pulvinar dapibus leo.<\/p><\/div><\/div>\t\t<\/div>\n\t\t\t\t<\/div>\n\t\t\t\t\t<\/div>\n\t\t<\/div>\n\t\t\t\t\t\t\t<\/div>\n\t\t<\/section>\n\t\t\t\t\t\t\t<\/div>\n\t\t","protected":false},"excerpt":{"rendered":"<p>a.\u00a0\u00a0\u00a0\u00a0\u00a0\u00a0\u00a0\u00a0\u00a0\u00a0\u00a0\u00a0\u00a0 Munir kirkjunnar \u00c1 altarist\u00f6flunni er mynd af kv\u00f6ldm\u00e1lt\u00ed\u00f0inni, m\u00e1lu\u00f0 me\u00f0 ol\u00edu \u00e1 tr\u00e9 af J\u00f3ni Hallgr\u00edmssyni (1741-1808) listamanni og m\u00e1lara sem bj\u00f3 \u00e1 L\u00f3ni \u00ed Vi\u00f0v\u00edkursveit \u00e1 \u00e1runum 1783 til 1799 og \u00e1 Hornbrekku \u00e1 H\u00f6f\u00f0astr\u00f6nd fr\u00e1 1800-1808. \u00c1 t\u00f6flunni stendur: Alltaris Tablann; er Gefinn, \u00feessari K\u00ffrkiu af Oeconomus Hr. J\u00f3ni \u00c1rnaSyni Ao 1782. [&hellip;]<\/p>\n","protected":false},"author":1,"featured_media":0,"parent":0,"menu_order":20,"comment_status":"closed","ping_status":"closed","template":"","meta":{"footnotes":""},"class_list":["post-43","page","type-page","status-publish","hentry"],"_links":{"self":[{"href":"https:\/\/hofsstadakirkja.is\/index.php?rest_route=\/wp\/v2\/pages\/43","targetHints":{"allow":["GET"]}}],"collection":[{"href":"https:\/\/hofsstadakirkja.is\/index.php?rest_route=\/wp\/v2\/pages"}],"about":[{"href":"https:\/\/hofsstadakirkja.is\/index.php?rest_route=\/wp\/v2\/types\/page"}],"author":[{"embeddable":true,"href":"https:\/\/hofsstadakirkja.is\/index.php?rest_route=\/wp\/v2\/users\/1"}],"replies":[{"embeddable":true,"href":"https:\/\/hofsstadakirkja.is\/index.php?rest_route=%2Fwp%2Fv2%2Fcomments&post=43"}],"version-history":[{"count":10,"href":"https:\/\/hofsstadakirkja.is\/index.php?rest_route=\/wp\/v2\/pages\/43\/revisions"}],"predecessor-version":[{"id":183,"href":"https:\/\/hofsstadakirkja.is\/index.php?rest_route=\/wp\/v2\/pages\/43\/revisions\/183"}],"wp:attachment":[{"href":"https:\/\/hofsstadakirkja.is\/index.php?rest_route=%2Fwp%2Fv2%2Fmedia&parent=43"}],"curies":[{"name":"wp","href":"https:\/\/api.w.org\/{rel}","templated":true}]}}