{"id":42,"date":"2022-07-07T16:34:26","date_gmt":"2022-07-07T16:34:26","guid":{"rendered":"https:\/\/hofsstadakirkja.is\/?page_id=42"},"modified":"2022-12-07T14:58:50","modified_gmt":"2022-12-07T14:58:50","slug":"sagan","status":"publish","type":"page","link":"https:\/\/hofsstadakirkja.is\/?page_id=42","title":{"rendered":"Sagan"},"content":{"rendered":"<p style=\"margin: 0cm 0cm 8pt 70.8pt; line-height: 15.6933px; font-size: 11pt; font-family: Calibri, sans-serif; color: #000000;\">Hofssta\u00f0a&nbsp; er fyrst geti\u00f0 \u00ed Landn\u00e1mab\u00f3k. \u00dear segir \u201e a\u00f0 Kollsveinn hinn rammi hafi numi\u00f0 land \u00e1 milli&nbsp; \u00dever\u00e1r og Glj\u00fafur\u00e1r, b\u00fai\u00f0 \u00e1 Kollsveinsst\u00f6\u00f0um en haft bl\u00f3t \u00e1 Hofsst\u00f6\u00f0um.\u201c<b><\/b><\/p>\n<p style=\"margin: 0cm 0cm 8pt 70.8pt; line-height: 15.6933px; font-size: 11pt; font-family: Calibri, sans-serif; color: #000000;\">\u00c1 Sturlunga\u00f6ld bj\u00f3 Einar faxi \u00e1 Hofsst\u00f6\u00f0um.&nbsp; Hann var einn \u00feeirra sem neyddist til a\u00f0 veita brennum\u00f6nnum, sem komu fr\u00e1 Flugurm\u00fdri 1253, beina \u00ed mat \u00feegar \u00feeir hug\u00f0ust fara \u00ed H\u00f3la til a\u00f0 f\u00e1 aflausn hj\u00e1 Henreki biskupi.&nbsp; Sagan segir a\u00f0 honum hafi ekki hugnast heims\u00f3knin og gengi\u00f0 \u00ed h\u00f3p \u00feeirra sem leitu\u00f0u hefnda \u00e1 brennum\u00f6nnum.<\/p>\n<p style=\"margin: 0cm 0cm 8pt 70.8pt; line-height: 15.6933px; font-size: 11pt; font-family: Calibri, sans-serif; color: #000000;\">Biskupsst\u00f3llinn \u00e1 H\u00f3lum eigna\u00f0ist Hofssta\u00f0i&nbsp; snemma. Til er r\u00e1\u00f0smannsreikningur um vinnuhj\u00faakaup \u00e1&nbsp; biskupsst\u00f3lnum fr\u00e1 \u00e1rinu 1388, en \u00fe\u00e1 hafa Hofssta\u00f0ir veri\u00f0 nytja\u00f0ir fr\u00e1 H\u00f3lum.&nbsp; \u00c1ri\u00f0 1569 er j\u00f6r\u00f0in ekki talin me\u00f0 st\u00f3lsb\u00faunum en s\u00f6g\u00f0 \u201e l\u00e9\u00f0 presti me\u00f0 10 k\u00fagildum\u201c. Tali\u00f0 er a\u00f0 \u00e1 \u00feessum t\u00edma hafi&nbsp; Hofsst\u00f6\u00f0um veri\u00f0 skipt \u00ed tv\u00e6r jar\u00f0ir og Hofssta\u00f0asel, sem f\u00e9kk meira en helming lands jar\u00f0arinnar or\u00f0i\u00f0 til og \u00e1fram n\u00fdtt sem sel fr\u00e1 H\u00f3lum. St\u00f3lsjar\u00f0irnar voru seldar \u00e1ri\u00f0 1802<\/p>\n<p style=\"margin: 0cm 0cm 8pt 70.8pt; line-height: 15.6933px; font-size: 11pt; font-family: Calibri, sans-serif; color: #000000;\">Kristian K\u00e5lund fornfr\u00e6\u00f0ingur fer\u00f0a\u00f0ist um \u00cdsland \u00e1 \u00e1runum 1872 til 1874. Hann getur \u00feess \u00ed b\u00f3k sinni, \u00cdslenskir s\u00f6gusta\u00f0ir, a\u00f0 hafa komi\u00f0 \u00ed Hofssta\u00f0i. Vestur af b\u00e6num hafi honum veri\u00f0 bent \u00e1 sta\u00f0 \u00fear sem \u00e1liti\u00f0 s\u00e9 a\u00f0 hof Kollsveins hafi sta\u00f0i\u00f0. Hann f\u00e9kk einnig uppl\u00fdsingar um a\u00f0 \u00ed munnm\u00e6lum hafi geymst s\u00fa s\u00f6gn a\u00f0 \u00e1 milli hofsins og Kollsveinssta\u00f0a hafi legi\u00f0 upph\u00e6kka\u00f0ur g\u00f6ngust\u00edgur. Vegalengd milli \u00feessara sta\u00f0a eru um \u00fea\u00f0 bil fj\u00f3rir km.<\/p>\n<p style=\"margin: 0cm 0cm 8pt 70.8pt; line-height: 15.6933px; font-size: 11pt; font-family: Calibri, sans-serif; color: #000000;\">&nbsp;\u00c1 Kollsveinssta\u00f0ah\u00f3l austur af Sy\u00f0ri-Brekkum eru mj\u00f6g fornar \u00f3sk\u00fdrar t\u00f3ftir, sem m\u00f6gulega g\u00e6tu veri\u00f0 b\u00e6jarr\u00fastir Kollsveins.<\/p>\n<p style=\"margin: 0cm 0cm 8pt 70.8pt; line-height: 15.6933px; font-size: 11pt; font-family: Calibri, sans-serif; color: #000000;\">\u00c1ri\u00f0 1886 er Sigur\u00f0ur Vigf\u00fasson fornfr\u00e6\u00f0ingur \u00e1 fer\u00f0 \u00e1 vegum hins \u00edslenska fornleifaf\u00e9lags. Hann l\u00fdsir hoft\u00f3ft \u00e1 Hofsst\u00f6\u00f0um og segir&nbsp; a\u00f0 \u00e1 h\u00e6\u00f0 nokkurri er Valh\u00f6ll heiti sj\u00e1ist m\u00f3ta fyrir t\u00f3ft sem s\u00e9 66 fet a\u00f0 lengd og 28 -30 fet a\u00f0 breidd. Segir hann t\u00f3ft \u00feessa kallast hoft\u00f3ft og l\u00edkjast mj\u00f6g \u00f6\u00f0rum hofminjum sem hann hafi rannsaka\u00f0 , auk \u00feess s\u00e9 \u00f6rnefni\u00f0 forneskjulegt og&nbsp; g\u00e6ti bent til \u00feess&nbsp; a\u00f0 \u00fear hafi&nbsp; \u00c6sir veri\u00f0 bl\u00f3ta\u00f0ir.<\/p>\n<p style=\"margin: 0cm 0cm 8pt 70.8pt; line-height: 15.6933px; font-size: 11pt; font-family: Calibri, sans-serif; color: #000000;\">Valh\u00f6ll er h\u00e6\u00f0 skammt austan \u00fej\u00f3\u00f0vegar , sunnan kirkjuheimrei\u00f0ar \u00e1 Hofsst\u00f6\u00f0um. Hoft\u00f3ftin Valh\u00f6ll var fri\u00f0l\u00fdst af \u00fej\u00f3\u00f0minjaver\u00f0i \u00e1ri\u00f0 1926.<\/p>\n<p style=\"margin: 0cm 0cm 8pt 70.8pt; line-height: 15.6933px; font-size: 11pt; font-family: Calibri, sans-serif; color: #000000;\">Hofssta\u00f0ab\u00e6ndur hafa l\u00f6ngum veri\u00f0 g\u00f3\u00f0ir hrossar\u00e6ktendur. Fr\u00e6gast Hofssta\u00f0ahrossa \u00e1 20. \u00f6ld var g\u00e6\u00f0ingurinn St\u00edgandi, sem samnefnt hestamannaf\u00e9lag ( stofna\u00f0 1945 ) t\u00f3k nafn sitt af.<\/p>\n<p style=\"margin: 0cm 0cm 8pt 70.8pt; line-height: 15.6933px; font-size: 11pt; font-family: Calibri, sans-serif; color: #000000;\">Gesta\u00fej\u00f3nusta er g\u00f6mul saga og n\u00fd \u00e1 Hofsst\u00f6\u00f0um. Fyrr \u00e1 \u00f6ldum vegna helgi sta\u00f0arins og \u00e1heita, \u00ed dag vegna fer\u00f0a\u00fej\u00f3nustu.<\/p>\n<style>\/*! elementor - v3.6.7 - 03-07-2022 *\/<br \/>\n.elementor-widget-image-box .elementor-image-box-content{width:100%}@media (min-width:768px){.elementor-widget-image-box.elementor-position-left .elementor-image-box-wrapper,.elementor-widget-image-box.elementor-position-right .elementor-image-box-wrapper{display:-webkit-box;display:-ms-flexbox;display:flex}.elementor-widget-image-box.elementor-position-right .elementor-image-box-wrapper{text-align:right;-webkit-box-orient:horizontal;-webkit-box-direction:reverse;-ms-flex-direction:row-reverse;flex-direction:row-reverse}.elementor-widget-image-box.elementor-position-left .elementor-image-box-wrapper{text-align:left;-webkit-box-orient:horizontal;-webkit-box-direction:normal;-ms-flex-direction:row;flex-direction:row}.elementor-widget-image-box.elementor-position-top .elementor-image-box-img{margin:auto}.elementor-widget-image-box.elementor-vertical-align-top .elementor-image-box-wrapper{-webkit-box-align:start;-ms-flex-align:start;align-items:flex-start}.elementor-widget-image-box.elementor-vertical-align-middle .elementor-image-box-wrapper{-webkit-box-align:center;-ms-flex-align:center;align-items:center}.elementor-widget-image-box.elementor-vertical-align-bottom .elementor-image-box-wrapper{-webkit-box-align:end;-ms-flex-align:end;align-items:flex-end}}@media (max-width:767px){.elementor-widget-image-box .elementor-image-box-img{margin-left:auto!important;margin-right:auto!important;margin-bottom:15px}}.elementor-widget-image-box .elementor-image-box-img{display:inline-block}.elementor-widget-image-box .elementor-image-box-title a{color:inherit}.elementor-widget-image-box .elementor-image-box-wrapper{text-align:center}.elementor-widget-image-box .elementor-image-box-description{margin:0}<\/style>\n<figure><img decoding=\"async\" src=\"https:\/\/hofsstadakirkja.is\/wp-content\/plugins\/elementor\/assets\/images\/placeholder.png\" title=\"\" alt=\"\"><\/figure>\n<p>Myndir af g\u00f6mlu que<br \/>\nodiaspitibus esseque<br \/>\nnonsenis ventibus et volupietur, cullupt ataernatint, int vero et venis<br \/>\nessed quiam<\/p>\n<figure><img decoding=\"async\" src=\"https:\/\/hofsstadakirkja.is\/wp-content\/plugins\/elementor\/assets\/images\/placeholder.png\" title=\"\" alt=\"\"><\/figure>\n<p>Myndir af g\u00f6mlu que<br \/>\nodiaspitibus esseque<br \/>\nnonsenis ventibus et volupietur, cullupt ataernatint, int vero et venis<br \/>\nessed quiam<\/p>\n","protected":false},"excerpt":{"rendered":"<p>Hofssta\u00f0a&nbsp; er fyrst geti\u00f0 \u00ed Landn\u00e1mab\u00f3k. \u00dear segir \u201e a\u00f0 Kollsveinn hinn rammi hafi numi\u00f0 land \u00e1 milli&nbsp; \u00dever\u00e1r og Glj\u00fafur\u00e1r, b\u00fai\u00f0 \u00e1 Kollsveinsst\u00f6\u00f0um en haft bl\u00f3t \u00e1 Hofsst\u00f6\u00f0um.\u201c \u00c1 Sturlunga\u00f6ld bj\u00f3 Einar faxi \u00e1 Hofsst\u00f6\u00f0um.&nbsp; Hann var einn \u00feeirra sem neyddist til a\u00f0 veita brennum\u00f6nnum, sem komu fr\u00e1 Flugurm\u00fdri 1253, beina \u00ed mat \u00feegar [&hellip;]<\/p>\n","protected":false},"author":1,"featured_media":0,"parent":0,"menu_order":15,"comment_status":"closed","ping_status":"closed","template":"","meta":{"footnotes":""},"class_list":["post-42","page","type-page","status-publish","hentry"],"_links":{"self":[{"href":"https:\/\/hofsstadakirkja.is\/index.php?rest_route=\/wp\/v2\/pages\/42","targetHints":{"allow":["GET"]}}],"collection":[{"href":"https:\/\/hofsstadakirkja.is\/index.php?rest_route=\/wp\/v2\/pages"}],"about":[{"href":"https:\/\/hofsstadakirkja.is\/index.php?rest_route=\/wp\/v2\/types\/page"}],"author":[{"embeddable":true,"href":"https:\/\/hofsstadakirkja.is\/index.php?rest_route=\/wp\/v2\/users\/1"}],"replies":[{"embeddable":true,"href":"https:\/\/hofsstadakirkja.is\/index.php?rest_route=%2Fwp%2Fv2%2Fcomments&post=42"}],"version-history":[{"count":12,"href":"https:\/\/hofsstadakirkja.is\/index.php?rest_route=\/wp\/v2\/pages\/42\/revisions"}],"predecessor-version":[{"id":188,"href":"https:\/\/hofsstadakirkja.is\/index.php?rest_route=\/wp\/v2\/pages\/42\/revisions\/188"}],"wp:attachment":[{"href":"https:\/\/hofsstadakirkja.is\/index.php?rest_route=%2Fwp%2Fv2%2Fmedia&parent=42"}],"curies":[{"name":"wp","href":"https:\/\/api.w.org\/{rel}","templated":true}]}}